{"id":6,"date":"2026-04-30T10:56:20","date_gmt":"2026-04-30T07:56:20","guid":{"rendered":"https:\/\/alminanurtekeci.com\/?page_id=6"},"modified":"2026-04-30T11:23:41","modified_gmt":"2026-04-30T08:23:41","slug":"elementor-6","status":"publish","type":"page","link":"https:\/\/alminanurtekeci.com\/","title":{"rendered":"Elementor #6"},"content":{"rendered":"\t\t<div data-elementor-type=\"wp-post\" data-elementor-id=\"6\" class=\"elementor elementor-6\">\n\t\t\t\t<div class=\"elementor-element elementor-element-781fc55 e-grid e-con-boxed e-con e-parent\" data-id=\"781fc55\" data-element_type=\"container\" data-e-type=\"container\">\n\t\t\t\t\t<div class=\"e-con-inner\">\n\t\t\t\t\t\t\t\n\t\t\t<img class=\"e-image-base e-cf1eeb3-184fba6\" \n\t\t\t\t\tdata-interaction-id=\"cf1eeb3\" \n\t\t \n\t\t \n\t\t\t\t\t\t\t\t\tid=\"8\"\n\t\t\t\t\t\t\t\t\t\t\t\tsrc=\"https:\/\/alminanurtekeci.com\/wp-content\/uploads\/2026\/04\/f10e1fce-8cc8-4687-aa67-c0705a82f066-1.jpg\"\n\t\t\t\t\t\t\t\t\t\t\t\twidth=\"554\"\n\t\t\t\t\t\t\t\t\t\t\t\theight=\"529\"\n\t\t\t\t\t\t\t\t\t\t\t\tsrcset=\"https:\/\/alminanurtekeci.com\/wp-content\/uploads\/2026\/04\/f10e1fce-8cc8-4687-aa67-c0705a82f066-1.jpg 554w, https:\/\/alminanurtekeci.com\/wp-content\/uploads\/2026\/04\/f10e1fce-8cc8-4687-aa67-c0705a82f066-1-300x286.jpg 300w\"\n\t\t\t\t\t\t\t\t\t\t\t\talt=\"\"\n\t\t\t\t\t\t\/>\n\t\t\t\t\t<div class=\"elementor-element elementor-element-de45ad1 elementor-widget elementor-widget-wp-widget-nav_menu\" data-id=\"de45ad1\" data-element_type=\"widget\" data-e-type=\"widget\" data-widget_type=\"wp-widget-nav_menu.default\">\n\t\t\t\t<div class=\"elementor-widget-container\">\n\t\t\t\t\t<nav class=\"menu-almina-container\" aria-label=\"Men\u00fc\"><ul id=\"menu-almina\" class=\"menu\"><li id=\"menu-item-26\" class=\"menu-item menu-item-type-custom menu-item-object-custom menu-item-26\"><a href=\"#1\">1.alan<\/a><\/li>\n<li id=\"menu-item-27\" class=\"menu-item menu-item-type-custom menu-item-object-custom menu-item-27\"><a href=\"#2\">2. alan<\/a><\/li>\n<li id=\"menu-item-28\" class=\"menu-item menu-item-type-custom menu-item-object-custom menu-item-28\"><a href=\"#3\">iletisim<\/a><\/li>\n<\/ul><\/nav>\t\t\t\t<\/div>\n\t\t\t\t<\/div>\n\t\t\t\t\t<\/div>\n\t\t\t\t<\/div>\n\t\t\t\t<div class=\"elementor-element elementor-element-1bf6334 e-con e-atomic-element e-flexbox-base\" data-id=\"1bf6334\" data-element_type=\"e-flexbox\" data-e-type=\"e-flexbox\" data-interaction-id=\"1bf6334\">\n\t\t\t\t\t\t\t<h2 \n\t\tdata-interaction-id=\"1dfcb0c\" \n\t\tclass=\"e-heading-base\" \n\t\t \n\t\t\n\t>\n\t\n\t\t\t1.alan burada\n\t\t<\/h2>\n\t\t\t\t<\/div>\n\t\t\t\t<div class=\"elementor-element elementor-element-a95c2b9 e-con e-atomic-element e-flexbox-base\" data-id=\"a95c2b9\" data-element_type=\"e-flexbox\" data-e-type=\"e-flexbox\" data-interaction-id=\"a95c2b9\">\n\t\t\t\t\t\t\t\n\t\t\t<img class=\"e-image-base e-8da9c7b-0d5bf71\" \n\t\t\t\t\tdata-interaction-id=\"8da9c7b\" \n\t\t \n\t\tid=1 \n\t\t\t\t\t\t\t\t\tid=\"15\"\n\t\t\t\t\t\t\t\t\t\t\t\tsrc=\"https:\/\/alminanurtekeci.com\/wp-content\/uploads\/2026\/04\/1.jpeg\"\n\t\t\t\t\t\t\t\t\t\t\t\twidth=\"600\"\n\t\t\t\t\t\t\t\t\t\t\t\theight=\"800\"\n\t\t\t\t\t\t\t\t\t\t\t\tsrcset=\"https:\/\/alminanurtekeci.com\/wp-content\/uploads\/2026\/04\/1.jpeg 600w, https:\/\/alminanurtekeci.com\/wp-content\/uploads\/2026\/04\/1-225x300.jpeg 225w\"\n\t\t\t\t\t\t\t\t\t\t\t\talt=\"\"\n\t\t\t\t\t\t\/>\n\t\t\t\t\t<\/div>\n\t\t\t\t<div class=\"elementor-element elementor-element-b205d4e e-con e-atomic-element e-flexbox-base\" data-id=\"b205d4e\" data-element_type=\"e-flexbox\" data-e-type=\"e-flexbox\" data-interaction-id=\"b205d4e\">\n\t\t\t\t\t\t\t<h2 \n\t\tdata-interaction-id=\"556e1eb\" \n\t\tclass=\"e-heading-base\" \n\t\t \n\t\t\n\t>\n\t\n\t\t\t2. alan burada<br>\n\t\t<\/h2>\n\t\t\t\t<\/div>\n\t\t\t\t<div class=\"elementor-element elementor-element-2320fce e-con e-atomic-element e-flexbox-base\" data-id=\"2320fce\" data-element_type=\"e-flexbox\" data-e-type=\"e-flexbox\" data-interaction-id=\"2320fce\" id=\"2\">\n\t\t\t\t\t\t\t\n\t\t\t<img class=\"e-image-base \" \n\t\t\t\t\tdata-interaction-id=\"a86fb1c\" \n\t\t \n\t\t \n\t\t\t\t\t\t\t\t\tid=\"32\"\n\t\t\t\t\t\t\t\t\t\t\t\tsrc=\"https:\/\/alminanurtekeci.com\/wp-content\/uploads\/2026\/04\/16.jpeg\"\n\t\t\t\t\t\t\t\t\t\t\t\twidth=\"735\"\n\t\t\t\t\t\t\t\t\t\t\t\theight=\"551\"\n\t\t\t\t\t\t\t\t\t\t\t\tsrcset=\"https:\/\/alminanurtekeci.com\/wp-content\/uploads\/2026\/04\/16.jpeg 735w, https:\/\/alminanurtekeci.com\/wp-content\/uploads\/2026\/04\/16-300x225.jpeg 300w\"\n\t\t\t\t\t\t\t\t\t\t\t\talt=\"\"\n\t\t\t\t\t\t\/>\n\t\t\t\t\t<\/div>\n\t\t<div class=\"elementor-element elementor-element-615e3b6 e-grid e-con-boxed e-con e-parent\" data-id=\"615e3b6\" data-element_type=\"container\" data-e-type=\"container\" id=\"3\">\n\t\t\t\t\t<div class=\"e-con-inner\">\n\t\t\t\t\t\t\t\n\t\t\t<img class=\"e-image-base \" \n\t\t\t\t\tdata-interaction-id=\"163708e\" \n\t\t \n\t\t \n\t\t\t\t\t\t\t\t\tid=\"8\"\n\t\t\t\t\t\t\t\t\t\t\t\tsrc=\"https:\/\/alminanurtekeci.com\/wp-content\/uploads\/2026\/04\/f10e1fce-8cc8-4687-aa67-c0705a82f066-1.jpg\"\n\t\t\t\t\t\t\t\t\t\t\t\twidth=\"554\"\n\t\t\t\t\t\t\t\t\t\t\t\theight=\"529\"\n\t\t\t\t\t\t\t\t\t\t\t\tsrcset=\"https:\/\/alminanurtekeci.com\/wp-content\/uploads\/2026\/04\/f10e1fce-8cc8-4687-aa67-c0705a82f066-1.jpg 554w, https:\/\/alminanurtekeci.com\/wp-content\/uploads\/2026\/04\/f10e1fce-8cc8-4687-aa67-c0705a82f066-1-300x286.jpg 300w\"\n\t\t\t\t\t\t\t\t\t\t\t\talt=\"\"\n\t\t\t\t\t\t\/>\n\t\t\t\t\t\t\t\t<h2 \n\t\tdata-interaction-id=\"a1ad723\" \n\t\tclass=\"e-heading-base\" \n\t\t \n\t\t\n\t>\n\t\n\t\t\tweb tasar\u0131m\u0131\n\t\t<\/h2>\n\t\t\t\t<div class=\"elementor-element elementor-element-07b119f elementor-widget elementor-widget-google_maps\" data-id=\"07b119f\" data-element_type=\"widget\" data-e-type=\"widget\" data-widget_type=\"google_maps.default\">\n\t\t\t\t\t\t\t<div class=\"elementor-custom-embed\">\n\t\t\t<iframe loading=\"lazy\"\n\t\t\t\t\tsrc=\"https:\/\/maps.google.com\/maps?q=%20Ankara%20Y%C4%B1ld%C4%B1r%C4%B1m%20Beyaz%C4%B1t%20%C3%9Cniversitesi%20Esenbo%C4%9Fa%20K%C3%BClliyesi%20B-Blok%203.%20Kat%20Dumlup%C4%B1nar%20Mahallesi%20K%C3%BCme%20Evleri%20%C3%87ubuk%2FAnkara&#038;t=m&#038;z=10&#038;output=embed&#038;iwloc=near\"\n\t\t\t\t\ttitle=\" Ankara Y\u0131ld\u0131r\u0131m Beyaz\u0131t \u00dcniversitesi Esenbo\u011fa K\u00fclliyesi B-Blok 3. Kat Dumlup\u0131nar Mahallesi K\u00fcme Evleri \u00c7ubuk\/Ankara\"\n\t\t\t\t\taria-label=\" Ankara Y\u0131ld\u0131r\u0131m Beyaz\u0131t \u00dcniversitesi Esenbo\u011fa K\u00fclliyesi B-Blok 3. Kat Dumlup\u0131nar Mahallesi K\u00fcme Evleri \u00c7ubuk\/Ankara\"\n\t\t\t><\/iframe>\n\t\t<\/div>\n\t\t\t\t\t\t<\/div>\n\t\t\t\t\t<\/div>\n\t\t\t\t<\/div>\n\t\t\t\t<\/div>\n\t\t","protected":false},"excerpt":{"rendered":"<p>1.alan burada 2. alan burada web tasar\u0131m\u0131<\/p>\n","protected":false},"author":1,"featured_media":0,"parent":0,"menu_order":0,"comment_status":"closed","ping_status":"closed","template":"","meta":{"footnotes":""},"class_list":["post-6","page","type-page","status-publish","hentry"],"_links":{"self":[{"href":"https:\/\/alminanurtekeci.com\/index.php?rest_route=\/wp\/v2\/pages\/6","targetHints":{"allow":["GET"]}}],"collection":[{"href":"https:\/\/alminanurtekeci.com\/index.php?rest_route=\/wp\/v2\/pages"}],"about":[{"href":"https:\/\/alminanurtekeci.com\/index.php?rest_route=\/wp\/v2\/types\/page"}],"author":[{"embeddable":true,"href":"https:\/\/alminanurtekeci.com\/index.php?rest_route=\/wp\/v2\/users\/1"}],"replies":[{"embeddable":true,"href":"https:\/\/alminanurtekeci.com\/index.php?rest_route=%2Fwp%2Fv2%2Fcomments&post=6"}],"version-history":[{"count":22,"href":"https:\/\/alminanurtekeci.com\/index.php?rest_route=\/wp\/v2\/pages\/6\/revisions"}],"predecessor-version":[{"id":41,"href":"https:\/\/alminanurtekeci.com\/index.php?rest_route=\/wp\/v2\/pages\/6\/revisions\/41"}],"wp:attachment":[{"href":"https:\/\/alminanurtekeci.com\/index.php?rest_route=%2Fwp%2Fv2%2Fmedia&parent=6"}],"curies":[{"name":"wp","href":"https:\/\/api.w.org\/{rel}","templated":true}]}}